{"id":991,"date":"2018-08-29T17:06:16","date_gmt":"2018-08-29T20:06:16","guid":{"rendered":"https:\/\/isfd16-bue.infd.edu.ar\/sitio\/oferta-academica-2018\/"},"modified":"2025-11-11T11:24:37","modified_gmt":"2025-11-11T14:24:37","slug":"ciclolectivo2023","status":"publish","type":"page","link":"https:\/\/isfd16-bue.infd.edu.ar\/sitio\/ciclolectivo2023\/","title":{"rendered":"Inscripciones Ciclo Lectivo 2026"},"content":{"rendered":"<p style=\"text-align: center;\"><b>Inscripci\u00f3n 2026 a carreras de Formaci\u00f3n Docente<\/b><\/p>\n<p style=\"text-align: center;\"><b>\u00a1Bienvenidas\/os Ingresantes 2026!<\/b><\/p>\n<p><span style=\"font-weight: 400;\">La preinscripci\u00f3n ser\u00e1 <b>durante el mes<\/b><\/span><b> de noviembre y diciembre 2025 <\/b>a trav\u00e9s de <a href=\"https:\/\/preinscripciones.guarani.abc.gob.ar\/\">SIU Guaran\u00ed<\/a><\/p>\n<p><span style=\"font-size: revert;\">A PARTIR DE LA FECHA INDICADA DESPU\u00c9S DE LAS 9:OO AM.<\/span><\/p>\n<ul>\n<li>Prof. Ed. Especial &#8211; 06\/11\/2025<\/li>\n<li>Prof. Ed. Primaria &#8211; 12\/11\/2025<\/li>\n<li>Prof. Ed. F\u00edsica &#8211; 17\/11\/2025<\/li>\n<li>Prof. Ingl\u00e9s &#8211; 19\/11\/2025<\/li>\n<li>Prof. Historia &#8211; 25\/11\/2025<\/li>\n<li>Prof. Biolog\u00eda &#8211; 01\/12\/2025<\/li>\n<li>CUFBA &#8211; la inscripci\u00f3n ser\u00e1 presencial en el instituto a partir del 03\/11-<a href=\"https:\/\/drive.google.com\/file\/d\/15-ohMKA3Uor2QhX-vLWhHMN1ov5bvF-V\/view?usp=sharing\">Planilla de inscripci\u00f3n para descargar<\/a><\/li>\n<\/ul>\n<div><\/div>\n<p><span style=\"font-weight: 400;\">Documentaci\u00f3n en formato papel para ser presentada en la instituci\u00f3n una vez realizada la preinscripci\u00f3n<\/span><\/p>\n<ul>\n<li style=\"font-weight: 400;\" aria-level=\"1\"><span style=\"font-weight: 400;\">Planilla de Preinscripci\u00f3n impresa de SIU Guaran\u00ed<\/span><\/li>\n<li style=\"font-weight: 400;\" aria-level=\"1\"><span style=\"font-weight: 400;\">Certificado de Salud (<\/span><a href=\"https:\/\/drive.google.com\/file\/d\/1QSn_pIUXGbOUxCBtGsj1mhLjxuV0QbUH\/view?usp=sharing\"><span style=\"font-weight: 400;\">fichadesaludunicaalumnos.pdf<\/span><\/a><span style=\"font-weight: 400;\">) (para Profesorados de: Primaria, Especial, Ingl\u00e9s, CUFBA,\u00a0 Historia <\/span><span style=\"font-weight: 400;\">y Biolog\u00eda).\u00a0 <\/span><span style=\"font-weight: 400;\">Bajar y completar PDF o comprar\/retirar en <\/span><b>fotocopiadora de la instituci\u00f3n.<\/b><\/li>\n<li style=\"font-weight: 400;\" aria-level=\"1\"><span style=\"font-weight: 400;\">Ficha M\u00e9dica (<\/span><a href=\"https:\/\/isfd16-bue.infd.edu.ar\/sitio\/wp-content\/uploads\/2020\/12\/A2_-_Ficha_Medica_Ed_Fisica-1.pdf\"><span style=\"font-weight: 400;\">A2.pdf<\/span><\/a><span style=\"font-weight: 400;\">) (<\/span><b>S\u00d3LO PARA EL PROFESORADO DE EDUCACI\u00d3N F\u00cdSICA).\u00a0 <\/b>Bajar y completar PDF o comprar\/retirar en <b style=\"font-size: inherit;\">fotocopiadora de la instituci\u00f3n. <\/b><span style=\"font-weight: 400;\">(completa profesional m\u00e9dico)<\/span><\/li>\n<li style=\"font-weight: 400;\" aria-level=\"1\"><span style=\"font-weight: 400;\">Fotocopia completa de DNI (frente y dorso).<\/span><\/li>\n<li style=\"font-weight: 400;\" aria-level=\"1\"><span style=\"font-weight: 400;\">Fotocopia y original de T\u00edtulo Secundario (o constancia de T\u00edtulo en tr\u00e1mite o constancia de alumno regular, detallar si adeuda materias).<\/span><\/li>\n<li style=\"font-weight: 400;\" aria-level=\"1\"><span style=\"font-weight: 400;\">Partida de Nacimiento (fotocopia).<\/span><\/li>\n<li style=\"font-weight: 400;\" aria-level=\"1\"><span style=\"font-weight: 400;\">Presentar toda la documentaci\u00f3n <\/span><span style=\"font-weight: 400;\">en un folio oficio.<\/span><\/li>\n<\/ul>\n<p><span style=\"font-weight: 400;\">El horario de inscripci\u00f3n es de 9:00 a 20:00 para todos los profesorados a excepci\u00f3n de<\/span> <b>la inscripci\u00f3n para el Prof. de Educaci\u00f3n F\u00edsica:\u00a0 en el horario de 14:00 a 17:00 exclusivamente.<\/b><\/p>\n<p><span style=\"font-weight: 400;\">Al inscribirse en carreras de profesorados, se acepta colaborar voluntariamente con la Asociaci\u00f3n Cooperadora.<\/span><\/p>\n","protected":false},"excerpt":{"rendered":"<p>Inscripci\u00f3n 2026 a carreras de Formaci\u00f3n Docente \u00a1Bienvenidas\/os Ingresantes 2026! La preinscripci\u00f3n ser\u00e1 durante el mes de noviembre y diciembre 2025 a trav\u00e9s de SIU Guaran\u00ed A PARTIR DE LA FECHA INDICADA DESPU\u00c9S DE LAS 9:OO AM. Prof. Ed. Especial &#8211; 06\/11\/2025 Prof. Ed. Primaria &#8211; 12\/11\/2025 Prof. Ed. F\u00edsica &#8211; 17\/11\/2025 Prof. Ingl\u00e9s &#8211; &#8230; <a title=\"Inscripciones Ciclo Lectivo 2026\" class=\"read-more\" href=\"https:\/\/isfd16-bue.infd.edu.ar\/sitio\/ciclolectivo2023\/\" aria-label=\"More on Inscripciones Ciclo Lectivo 2026\">[+]<\/a><\/p>\n","protected":false},"author":1091,"featured_media":0,"parent":0,"menu_order":0,"comment_status":"closed","ping_status":"closed","template":"","meta":[],"acf":[],"_links":{"self":[{"href":"https:\/\/isfd16-bue.infd.edu.ar\/sitio\/wp-json\/wp\/v2\/pages\/991"}],"collection":[{"href":"https:\/\/isfd16-bue.infd.edu.ar\/sitio\/wp-json\/wp\/v2\/pages"}],"about":[{"href":"https:\/\/isfd16-bue.infd.edu.ar\/sitio\/wp-json\/wp\/v2\/types\/page"}],"author":[{"embeddable":true,"href":"https:\/\/isfd16-bue.infd.edu.ar\/sitio\/wp-json\/wp\/v2\/users\/1091"}],"replies":[{"embeddable":true,"href":"https:\/\/isfd16-bue.infd.edu.ar\/sitio\/wp-json\/wp\/v2\/comments?post=991"}],"version-history":[{"count":51,"href":"https:\/\/isfd16-bue.infd.edu.ar\/sitio\/wp-json\/wp\/v2\/pages\/991\/revisions"}],"predecessor-version":[{"id":1980,"href":"https:\/\/isfd16-bue.infd.edu.ar\/sitio\/wp-json\/wp\/v2\/pages\/991\/revisions\/1980"}],"wp:attachment":[{"href":"https:\/\/isfd16-bue.infd.edu.ar\/sitio\/wp-json\/wp\/v2\/media?parent=991"}],"curies":[{"name":"wp","href":"https:\/\/api.w.org\/{rel}","templated":true}]}}