{"id":286,"date":"2016-10-31T13:17:59","date_gmt":"2016-10-31T16:17:59","guid":{"rendered":"https:\/\/isfd16-bue.infd.edu.ar\/sitio\/?page_id=286"},"modified":"2025-11-03T15:38:29","modified_gmt":"2025-11-03T18:38:29","slug":"inicio","status":"publish","type":"page","link":"https:\/\/isfd16-bue.infd.edu.ar\/sitio\/","title":{"rendered":"Inicio"},"content":{"rendered":"<div id=\"metaslider-id-403\" style=\"width: 100%;\" class=\"ml-slider-3-33-0 metaslider metaslider-flex metaslider-403 ml-slider ms-theme-default\" role=\"region\" aria-roledescription=\"Slideshow\" aria-label=\"Slideshow\">\n    <div id=\"metaslider_container_403\">\n        <div id=\"metaslider_403\" class=\"flexslider\">\n            <ul aria-live=\"polite\" class=\"slides\">\n                <li style=\"display: block; width: 100%;\" class=\"slide-607 ms-image\" aria-roledescription=\"slide\" aria-label=\"slide-607\"><a href=\"https:\/\/mapa.infd.edu.ar\/\" target=\"_blank\"><img src=\"https:\/\/isfd16-bue.infd.edu.ar\/sitio\/wp-content\/uploads\/2018\/06\/mapa_infd6-1100x200.png\" height=\"200\" width=\"1100\" alt=\"\" class=\"slider-403 slide-607\" title=\"mapa_infd6\" \/><\/a><\/li>\n                <li style=\"display: none; width: 100%;\" class=\"slide-609 ms-image\" aria-roledescription=\"slide\" aria-label=\"slide-609\"><a href=\"https:\/\/www.argentina.gob.ar\/educacion\/becas\" target=\"_blank\"><img src=\"https:\/\/isfd16-bue.infd.edu.ar\/sitio\/wp-content\/uploads\/2018\/06\/becas7-1100x200.png\" height=\"200\" width=\"1100\" alt=\"\" class=\"slider-403 slide-609\" title=\"becas7\" \/><\/a><\/li>\n                <li style=\"display: none; width: 100%;\" class=\"slide-635 ms-image\" aria-roledescription=\"slide\" aria-label=\"slide-635\"><a href=\"https:\/\/www.argentina.gob.ar\/tema\/estudiar\/formacion-docencia\" target=\"_blank\"><img src=\"https:\/\/isfd16-bue.infd.edu.ar\/sitio\/wp-content\/uploads\/2018\/06\/convocatorias_slide6-1-1100x200.png\" height=\"200\" width=\"1100\" alt=\"\" class=\"slider-403 slide-635\" title=\"convocatorias_slide6-1\" \/><\/a><\/li>\n            <\/ul>\n        <\/div>\n        \n    <\/div>\n<\/div>\n<p style=\"text-align: center;\"><strong>INSTITUTO DE FORMACI\u00d3N DOCENTE N\u00b016 \u00abJUANA PAULA MANSO\u00bb<\/strong><\/p>\n<p style=\"text-align: center;\"><em><strong>Juana Paula Manso\u00a0<\/strong><\/em><em>proclam\u00f3 que\u00a0<\/em><strong><em>la desigualdad se remediaba con educaci\u00f3n para todos<\/em><\/strong><em>. Critic\u00f3 a los gobiernos por no invertir en educaci\u00f3n \u2014para poder dominar mejor a las masas\u2014, y reclam\u00f3<\/em><span class=\"apple-converted-space\"><em>\u00a0<\/em><\/span><strong><em>derechos para la mujer y los ni\u00f1os<\/em><\/strong><em>.<\/em><\/p>\n<h3 style=\"text-align: center;\"><strong>\u00a0 \u00a0 \u00a0 \u00a0 \u00a0 <\/strong><\/h3>\n<h3 style=\"text-align: center;\"><strong> <img decoding=\"async\" loading=\"lazy\" class=\"alignnone  wp-image-1765\" src=\"https:\/\/isfd16-bue.infd.edu.ar\/sitio\/wp-content\/uploads\/2024\/11\/flyer-nuevo-707x1000.jpg\" alt=\"\" width=\"368\" height=\"520\" srcset=\"https:\/\/isfd16-bue.infd.edu.ar\/sitio\/wp-content\/uploads\/2024\/11\/flyer-nuevo-707x1000.jpg 707w, https:\/\/isfd16-bue.infd.edu.ar\/sitio\/wp-content\/uploads\/2024\/11\/flyer-nuevo-1343x1900.jpg 1343w, https:\/\/isfd16-bue.infd.edu.ar\/sitio\/wp-content\/uploads\/2024\/11\/flyer-nuevo-768x1086.jpg 768w, https:\/\/isfd16-bue.infd.edu.ar\/sitio\/wp-content\/uploads\/2024\/11\/flyer-nuevo-1086x1536.jpg 1086w, https:\/\/isfd16-bue.infd.edu.ar\/sitio\/wp-content\/uploads\/2024\/11\/flyer-nuevo.jpg 1414w\" sizes=\"(max-width: 368px) 100vw, 368px\" \/>\u00a0 \u00a0 \u00a0\u00a0<\/strong><a href=\"https:\/\/preinscripciones.guarani.abc.gob.ar\/\"><strong style=\"font-size: 16px;\"><img decoding=\"async\" loading=\"lazy\" class=\"alignnone wp-image-1940\" src=\"https:\/\/isfd16-bue.infd.edu.ar\/sitio\/wp-content\/uploads\/2025\/10\/siu.jpg\" alt=\"\" width=\"268\" height=\"167\" \/><\/strong><\/a><\/h3>\n<h3 style=\"text-align: center;\"><strong><a href=\"https:\/\/isfd16-bue.infd.edu.ar\/aula\/escritorio.cgi\"><img decoding=\"async\" loading=\"lazy\" class=\"aligncenter wp-image-1675\" src=\"https:\/\/isfd16-bue.infd.edu.ar\/sitio\/wp-content\/uploads\/2023\/09\/AULA-e1695161648603.png\" alt=\"\" width=\"236\" height=\"108\" \/><\/a><\/strong><\/h3>\n<p>&nbsp;<\/p>\n","protected":false},"excerpt":{"rendered":"<p>INSTITUTO DE FORMACI\u00d3N DOCENTE N\u00b016 \u00abJUANA PAULA MANSO\u00bb Juana Paula Manso\u00a0proclam\u00f3 que\u00a0la desigualdad se remediaba con educaci\u00f3n para todos. Critic\u00f3 a los gobiernos por no invertir en educaci\u00f3n \u2014para poder dominar mejor a las masas\u2014, y reclam\u00f3\u00a0derechos para la mujer y los ni\u00f1os. \u00a0 \u00a0 \u00a0 \u00a0 \u00a0 \u00a0 \u00a0 \u00a0\u00a0 &nbsp;<\/p>\n","protected":false},"author":1,"featured_media":0,"parent":1238,"menu_order":4,"comment_status":"closed","ping_status":"closed","template":"","meta":[],"acf":[],"_links":{"self":[{"href":"https:\/\/isfd16-bue.infd.edu.ar\/sitio\/wp-json\/wp\/v2\/pages\/286"}],"collection":[{"href":"https:\/\/isfd16-bue.infd.edu.ar\/sitio\/wp-json\/wp\/v2\/pages"}],"about":[{"href":"https:\/\/isfd16-bue.infd.edu.ar\/sitio\/wp-json\/wp\/v2\/types\/page"}],"author":[{"embeddable":true,"href":"https:\/\/isfd16-bue.infd.edu.ar\/sitio\/wp-json\/wp\/v2\/users\/1"}],"replies":[{"embeddable":true,"href":"https:\/\/isfd16-bue.infd.edu.ar\/sitio\/wp-json\/wp\/v2\/comments?post=286"}],"version-history":[{"count":155,"href":"https:\/\/isfd16-bue.infd.edu.ar\/sitio\/wp-json\/wp\/v2\/pages\/286\/revisions"}],"predecessor-version":[{"id":1963,"href":"https:\/\/isfd16-bue.infd.edu.ar\/sitio\/wp-json\/wp\/v2\/pages\/286\/revisions\/1963"}],"up":[{"embeddable":true,"href":"https:\/\/isfd16-bue.infd.edu.ar\/sitio\/wp-json\/wp\/v2\/pages\/1238"}],"wp:attachment":[{"href":"https:\/\/isfd16-bue.infd.edu.ar\/sitio\/wp-json\/wp\/v2\/media?parent=286"}],"curies":[{"name":"wp","href":"https:\/\/api.w.org\/{rel}","templated":true}]}}