{"id":1240,"date":"2021-02-26T15:55:47","date_gmt":"2021-02-26T18:55:47","guid":{"rendered":"https:\/\/isfd16-bue.infd.edu.ar\/sitio\/?page_id=1240"},"modified":"2024-12-03T10:53:35","modified_gmt":"2024-12-03T13:53:35","slug":"concursos-2021","status":"publish","type":"page","link":"https:\/\/isfd16-bue.infd.edu.ar\/sitio\/concursos-2021\/","title":{"rendered":"DISE\u00d1OS CURRICULARES"},"content":{"rendered":"<p><strong>Dise\u00f1o curricular Profesorado de Educaci\u00f3n F\u00edsica &#8211; Resoluci\u00f3n 2432\/09<\/strong><\/p>\n<p><a href=\"https:\/\/isfd16-bue.infd.edu.ar\/sitio\/wp-content\/uploads\/2022\/01\/res2432-09fd_educ_fisica.pdf\">ttps:\/\/isfd16-bue.infd.edu.ar\/sitio\/wp-content\/uploads\/2021\/03\/res2432-09fd_educ_fisica.pdf<\/a><\/p>\n<p><strong>Dise\u00f1o curricular Profesorado de Educaci\u00f3n Especial &#8211; Resoluci\u00f3n 1009\/09<\/strong><\/p>\n<p><a href=\"https:\/\/isfd16-bue.infd.edu.ar\/sitio\/wp-content\/uploads\/2021\/03\/res1009-09_educ_especial-1.pdf\">https:\/\/isfd16-bue.infd.edu.ar\/sitio\/wp-content\/uploads\/2021\/03\/res1009-09_educ_especial-1.pdf<\/a><\/p>\n<p><b>Dise\u00f1os curriculares para la Educaci\u00f3n Superior Niveles Inicial&nbsp; y&nbsp; Primario- Resoluci\u00f3n 4154\/09<\/b><\/p>\n<p><a href=\"https:\/\/isfd16-bue.infd.edu.ar\/sitio\/wp-content\/uploads\/2021\/03\/dcurricularsuperiorinicial.pdf\">https:\/\/isfd16-bue.infd.edu.ar\/sitio\/wp-content\/uploads\/2021\/03\/dcurricularsuperiorinicial.pdf<\/a><\/p>\n<p><strong>Dise\u00f1o curricular Profesorado de Historia&nbsp; &#8211; Resoluci\u00f3n N\u00b0 13259\/99<\/strong><\/p>\n<p><a href=\"https:\/\/isfd16-bue.infd.edu.ar\/sitio\/wp-content\/uploads\/2021\/03\/13259-99modif-por-3581-00-historia-1.pdf\">https:\/\/isfd16-bue.infd.edu.ar\/sitio\/wp-content\/uploads\/2021\/03\/13259-99modif-por-3581-00-historia-1.pdf<\/a><\/p>\n<p><strong>Dise\u00f1o curricular Profesorado de Historia&nbsp; &#8211; Resoluci\u00f3n N\u00b0 3609\/22<\/strong><\/p>\n<p><a href=\"https:\/\/abc.gob.ar\/secretarias\/sites\/default\/files\/2023-02\/IF-2022-40273352-GDEBA-SSEDGCYE%20HISTORIA_compressed.pdf\">https:\/\/abc.gob.ar\/secretarias\/sites\/default\/files\/2023-02\/IF-2022-40273352-GDEBA-SSEDGCYE%20HISTORIA_compressed.pdf<\/a><\/p>\n<p><strong>Dise\u00f1o curricular Profesorado de Ingles&nbsp; &#8211; Resoluci\u00f3n N\u00b0 1860\/17<\/strong><\/p>\n<p><a href=\"https:\/\/isfd16-bue.infd.edu.ar\/sitio\/wp-content\/uploads\/2021\/03\/anexo_disen_o_ingles.pdf\">https:\/\/isfd16-bue.infd.edu.ar\/sitio\/wp-content\/uploads\/2021\/03\/anexo_disen_o_ingles.pdf<\/a><\/p>\n<p><strong>Dise\u00f1o curricular Profesorado de Lengua y Literatura&nbsp; &#8211; Resoluci\u00f3n N\u00b0 1862\/17<\/strong><\/p>\n<p><a href=\"https:\/\/isfd16-bue.infd.edu.ar\/sitio\/wp-content\/uploads\/2021\/03\/Profesorado_de_Educacion_Secundaria_en_Lengua_y_Literatura_2017-1.pdf\">https:\/\/isfd16-bue.infd.edu.ar\/sitio\/wp-content\/uploads\/2021\/03\/Profesorado_de_Educacion_Secundaria_en_Lengua_y_Literatura_2017-1.pdf<\/a><\/p>\n<p><strong>Dise\u00f1o Curricular Profesorado de Biolog\u00eda &#8211; Resoluci\u00f3n N\u00b0 13259\/99&nbsp;<\/strong><\/p>\n<p><a href=\"https:\/\/isfd16-bue.infd.edu.ar\/sitio\/wp-content\/uploads\/2021\/12\/13259-99modif-por-3581-00-biologia.pdf\">https:\/\/isfd16-bue.infd.edu.ar\/sitio\/wp-content\/uploads\/2021\/12\/13259-99modif-por-3581-00-biologia.pdf<\/a><\/p>\n<p><strong>Dise\u00f1o Curricular Profesorado de Biolog\u00eda &#8211; Resoluci\u00f3n N\u00b0 3605\/22<\/strong><\/p>\n<p><a href=\"https:\/\/abc.gob.ar\/secretarias\/sites\/default\/files\/2021-05\/Dise%C3%B1o%20Curricular%20Profesorado%20de%20Biolog%C3%ADa.pdf\">https:\/\/abc.gob.ar\/secretarias\/sites\/default\/files\/2021-05\/Dise%C3%B1o%20Curricular%20Profesorado%20de%20Biolog%C3%ADa.pdf<\/a><\/p>\n<p><strong>Dise\u00f1o Profesorado de Educaci\u00f3n Secundaria T\u00e9cnico Profesional en Producci\u00f3n Agropecuaria &#8211; Res. N\u00b0 3746\/22<\/strong><\/p>\n<p><a href=\"https:\/\/drive.google.com\/file\/d\/1_p_f2mBvF2ScKCqYkAEA5Z5QOyZRgrJ2\/view?usp=share_link\">https:\/\/drive.google.com\/file\/d\/1_p_f2mBvF2ScKCqYkAEA5Z5QOyZRgrJ2\/view?usp=share_link<\/a><\/p>\n<p><strong>Estructura General &#8211; Resoluci\u00f3n 13271\/99 modif por 3581\/00<\/strong><\/p>\n<p><a href=\"https:\/\/isfd16-bue.infd.edu.ar\/sitio\/wp-content\/uploads\/2021\/12\/13271-99modif-por-3581-00.pdf\">https:\/\/isfd16-bue.infd.edu.ar\/sitio\/wp-content\/uploads\/2021\/12\/13271-99modif-por-3581-00.pdf<\/a><\/p>\n\n\n<p><\/p>\n","protected":false},"excerpt":{"rendered":"<p>Dise\u00f1o curricular Profesorado de Educaci\u00f3n F\u00edsica &#8211; Resoluci\u00f3n 2432\/09 ttps:\/\/isfd16-bue.infd.edu.ar\/sitio\/wp-content\/uploads\/2021\/03\/res2432-09fd_educ_fisica.pdf Dise\u00f1o curricular Profesorado de Educaci\u00f3n Especial &#8211; Resoluci\u00f3n 1009\/09 https:\/\/isfd16-bue.infd.edu.ar\/sitio\/wp-content\/uploads\/2021\/03\/res1009-09_educ_especial-1.pdf Dise\u00f1os curriculares para la Educaci\u00f3n Superior Niveles Inicial&nbsp; y&nbsp; Primario- Resoluci\u00f3n 4154\/09 https:\/\/isfd16-bue.infd.edu.ar\/sitio\/wp-content\/uploads\/2021\/03\/dcurricularsuperiorinicial.pdf Dise\u00f1o curricular Profesorado de Historia&nbsp; &#8211; Resoluci\u00f3n N\u00b0 13259\/99 https:\/\/isfd16-bue.infd.edu.ar\/sitio\/wp-content\/uploads\/2021\/03\/13259-99modif-por-3581-00-historia-1.pdf Dise\u00f1o curricular Profesorado de Historia&nbsp; &#8211; Resoluci\u00f3n N\u00b0 3609\/22 https:\/\/abc.gob.ar\/secretarias\/sites\/default\/files\/2023-02\/IF-2022-40273352-GDEBA-SSEDGCYE%20HISTORIA_compressed.pdf Dise\u00f1o curricular &#8230; <a title=\"DISE\u00d1OS CURRICULARES\" class=\"read-more\" href=\"https:\/\/isfd16-bue.infd.edu.ar\/sitio\/concursos-2021\/\" aria-label=\"More on DISE\u00d1OS CURRICULARES\">[+]<\/a><\/p>\n","protected":false},"author":935,"featured_media":0,"parent":0,"menu_order":0,"comment_status":"closed","ping_status":"closed","template":"","meta":[],"acf":[],"_links":{"self":[{"href":"https:\/\/isfd16-bue.infd.edu.ar\/sitio\/wp-json\/wp\/v2\/pages\/1240"}],"collection":[{"href":"https:\/\/isfd16-bue.infd.edu.ar\/sitio\/wp-json\/wp\/v2\/pages"}],"about":[{"href":"https:\/\/isfd16-bue.infd.edu.ar\/sitio\/wp-json\/wp\/v2\/types\/page"}],"author":[{"embeddable":true,"href":"https:\/\/isfd16-bue.infd.edu.ar\/sitio\/wp-json\/wp\/v2\/users\/935"}],"replies":[{"embeddable":true,"href":"https:\/\/isfd16-bue.infd.edu.ar\/sitio\/wp-json\/wp\/v2\/comments?post=1240"}],"version-history":[{"count":41,"href":"https:\/\/isfd16-bue.infd.edu.ar\/sitio\/wp-json\/wp\/v2\/pages\/1240\/revisions"}],"predecessor-version":[{"id":1826,"href":"https:\/\/isfd16-bue.infd.edu.ar\/sitio\/wp-json\/wp\/v2\/pages\/1240\/revisions\/1826"}],"wp:attachment":[{"href":"https:\/\/isfd16-bue.infd.edu.ar\/sitio\/wp-json\/wp\/v2\/media?parent=1240"}],"curies":[{"name":"wp","href":"https:\/\/api.w.org\/{rel}","templated":true}]}}