{"id":1120,"date":"2018-08-29T17:06:57","date_gmt":"2018-08-29T20:06:57","guid":{"rendered":"https:\/\/isfd16-bue.infd.edu.ar\/sitio\/equivalencias\/"},"modified":"2025-11-06T11:56:45","modified_gmt":"2025-11-06T14:56:45","slug":"equivalencias","status":"publish","type":"page","link":"https:\/\/isfd16-bue.infd.edu.ar\/sitio\/equivalencias\/","title":{"rendered":"Equivalencias"},"content":{"rendered":"<p><b>Presentaci\u00f3n de equivalencias seg\u00fan Resoluci\u00f3n N\u00b0 <a href=\"https:\/\/drive.google.com\/drive\/folders\/1Kj8q0neRfxpbHjjdUtWpMhetNuOT0KA-?usp=drive_link\">4196\/24<\/a><\/b><\/p>\n<p><b>De las equivalencias:<\/b><\/p>\n<p><strong>Equivalencia autom\u00e1tica<\/strong><br \/>\nSe otorgar\u00e1 equivalencia autom\u00e1tica cuando se trate de unidades curriculares con la<br \/>\nmisma denominaci\u00f3n y contenidos en los planes de estudio de las carreras vigentes en<br \/>\nla jurisdicci\u00f3n.<\/p>\n<p><strong>Pautas para solicitud y acreditaci\u00f3n de unidades curriculares por equivalencia<\/strong><br \/>\n<strong>autom\u00e1tica<\/strong><br \/>\n\u25cf Solicitar mediante nota firmada, en la secretar\u00eda del instituto, antes del 30<br \/>\nde abril de cada a\u00f1o, el reconocimiento de equivalencias de unidades<br \/>\ncurriculares acreditadas en la misma o en otra instituci\u00f3n del nivel<br \/>\nsuperior de la jurisdicci\u00f3n<br \/>\n\u25cf Acompa\u00f1ar la solicitud con el certificado anal\u00edtico de estudios realizados<br \/>\n\u25cf Cursar la unidad curricular cuya acreditaci\u00f3n se solicita por equivalencia,<br \/>\nhasta tanto se le confirme fehacientemente que se le otorg\u00f3 lo solicitado.<\/p>\n<p><strong>Equivalencia total o parcial<\/strong><br \/>\nSe podr\u00e1n acreditar unidades curriculares mediante equivalencia. La equivalencia de UC<br \/>\npodr\u00e1 ser completa o parcial. En ambos casos, se ponderan los saberes acreditados en<br \/>\ncarreras del nivel superior reconocidas.<\/p>\n<p><strong>Pautas para solicitud y acreditaci\u00f3n de unidades curriculares por<\/strong><br \/>\n<strong>equivalencias<\/strong><\/p>\n<p>Para solicitar la acreditaci\u00f3n por equivalencia, la\/el estudiante deber\u00e1:<br \/>\n\u25cf Solicitar mediante nota firmada, en la secretar\u00eda del instituto, antes del 30<br \/>\nde abril de cada a\u00f1o, el reconocimiento de equivalencias de unidades<br \/>\ncurriculares acreditadas en la misma instituci\u00f3n o en otra instituci\u00f3n<br \/>\neducativa de Nivel Superior reconocida oficialmente.<br \/>\n\u25cf Acompa\u00f1ar la solicitud con el certificado anal\u00edtico de estudios realizados y<br \/>\nlos programas que correspondan, en los que conste carga horaria,<br \/>\ncontenidos y bibliograf\u00eda, de las unidades curriculares en las que solicita<br \/>\nequivalencia.<br \/>\n\u25cf La documentaci\u00f3n deber\u00e1 estar foliada, con firma y sello de las<br \/>\nautoridades de la instituci\u00f3n emisora.<br \/>\n\u25cf Cursar la unidad curricular cuya acreditaci\u00f3n se solicita por equivalencia,<br \/>\nhasta tanto se le confirme fehacientemente que se le otorg\u00f3 lo solicitado.<\/p>\n<p>\u25cf Cumplir con los requerimientos acad\u00e9micos que se establezcan en el caso<br \/>\nde una equivalencia parcial.<\/p>\n<p><span style=\"font-weight: 400;\">Se podr\u00e1n acreditar Unidades Curriculares mediante el r\u00e9gimen de equivalencia. Las equivalencias podr\u00e1n comprender la Unidad\u00a0 Curricular completa o una parte de la misma (equivalencia parcial). En este caso, de ser necesario, se implementar\u00e1 un trayecto de actualizaci\u00f3n de saberes.<\/span><\/p>\n<p><span style=\"font-weight: 400;\">Se trata de saberes acreditados en la misma instituci\u00f3n (en planes anteriores al vigente o de otras carreras) o en otras instituciones del mismo nivel.<\/span><\/p>\n<p><b>Para solicitar equivalencias<\/b><\/p>\n<p><span style=\"font-weight: 400;\">El Alumno que solicita equivalencias deber\u00e1 presentar:<\/span><\/p>\n<ul>\n<li style=\"font-weight: 400;\" aria-level=\"1\"><span style=\"font-weight: 400;\">Un \u00fanico ejemplar del\u00a0 Formulario A14<\/span> <span style=\"font-weight: 400;\">(Solicitud de equivalencia, resumen)<\/span><\/li>\n<li style=\"font-weight: 400;\" aria-level=\"1\"><span style=\"font-weight: 400;\">Un\u00a0 Formulario A14a por cada equivalencia solicitada\u00a0 (Solicitud de equivalencia, por asignatura). Cada formulario debe ir acompa\u00f1ado del programa de la materia de la instituci\u00f3n en la que se acredit\u00f3 el espacio. Dicho programa deber\u00e1 estar debidamente certificado, es decir, estar firmados y sellados por la instituci\u00f3n donde se curs\u00f3 y acredit\u00f3.<\/span><\/li>\n<li style=\"font-weight: 400;\" aria-level=\"1\"><span style=\"font-weight: 400;\">Si sos estudiante o egresada\/o de alguna carrera del ISFD N\u00b0 16, para pedir la equivalencia no necesit\u00e1s presentar el programa de la materia.<\/span><\/li>\n<li style=\"font-weight: 400;\" aria-level=\"1\"><span style=\"font-weight: 400;\">Certificado anal\u00edtico donde conste fecha de acreditaci\u00f3n, calificaci\u00f3n, firma y sello de la instituci\u00f3n.<\/span><\/li>\n<\/ul>\n<p><span style=\"font-weight: 400;\"><b style=\"font-size: revert;\">Responsable:<\/b> Preceptor de la carrera.<\/span><\/p>\n<p><b>Recepci\u00f3n:<\/b><span style=\"font-weight: 400;\"> Los formularios de equivalencia conjuntamente con los programas, ser\u00e1n recepcionados de forma presencial, cada asignatura debe ser presentada de forma individual y la documentaci\u00f3n entregada en Folio Tama\u00f1o Oficio.<\/span><\/p>\n<p><b>El resultado podr\u00e1 ser alguna de estas alternativas:<\/b><\/p>\n<ul>\n<li style=\"font-weight: 400;\" aria-level=\"1\"><span style=\"font-weight: 400;\">Se otorga la <strong>equivalencia total<\/strong> de la perspectiva y\/o asignatura.<\/span><\/li>\n<li style=\"font-weight: 400;\" aria-level=\"1\"><span style=\"font-weight: 400;\">Se otorga <strong>equivalencia parcial<\/strong> de la perspectiva.<\/span><\/li>\n<li style=\"font-weight: 400;\" aria-level=\"1\"><span style=\"font-weight: 400;\"><strong>Equivalencia denegada<\/strong>.<\/span><\/li>\n<\/ul>\n","protected":false},"excerpt":{"rendered":"<p>Presentaci\u00f3n de equivalencias seg\u00fan Resoluci\u00f3n N\u00b0 4196\/24 De las equivalencias: Equivalencia autom\u00e1tica Se otorgar\u00e1 equivalencia autom\u00e1tica cuando se trate de unidades curriculares con la misma denominaci\u00f3n y contenidos en los planes de estudio de las carreras vigentes en la jurisdicci\u00f3n. Pautas para solicitud y acreditaci\u00f3n de unidades curriculares por equivalencia autom\u00e1tica \u25cf Solicitar mediante nota &#8230; <a title=\"Equivalencias\" class=\"read-more\" href=\"https:\/\/isfd16-bue.infd.edu.ar\/sitio\/equivalencias\/\" aria-label=\"More on Equivalencias\">[+]<\/a><\/p>\n","protected":false},"author":1091,"featured_media":0,"parent":0,"menu_order":0,"comment_status":"closed","ping_status":"closed","template":"","meta":[],"acf":[],"_links":{"self":[{"href":"https:\/\/isfd16-bue.infd.edu.ar\/sitio\/wp-json\/wp\/v2\/pages\/1120"}],"collection":[{"href":"https:\/\/isfd16-bue.infd.edu.ar\/sitio\/wp-json\/wp\/v2\/pages"}],"about":[{"href":"https:\/\/isfd16-bue.infd.edu.ar\/sitio\/wp-json\/wp\/v2\/types\/page"}],"author":[{"embeddable":true,"href":"https:\/\/isfd16-bue.infd.edu.ar\/sitio\/wp-json\/wp\/v2\/users\/1091"}],"replies":[{"embeddable":true,"href":"https:\/\/isfd16-bue.infd.edu.ar\/sitio\/wp-json\/wp\/v2\/comments?post=1120"}],"version-history":[{"count":7,"href":"https:\/\/isfd16-bue.infd.edu.ar\/sitio\/wp-json\/wp\/v2\/pages\/1120\/revisions"}],"predecessor-version":[{"id":1978,"href":"https:\/\/isfd16-bue.infd.edu.ar\/sitio\/wp-json\/wp\/v2\/pages\/1120\/revisions\/1978"}],"wp:attachment":[{"href":"https:\/\/isfd16-bue.infd.edu.ar\/sitio\/wp-json\/wp\/v2\/media?parent=1120"}],"curies":[{"name":"wp","href":"https:\/\/api.w.org\/{rel}","templated":true}]}}