{"id":1034,"date":"2018-08-29T17:06:25","date_gmt":"2018-08-29T20:06:25","guid":{"rendered":"https:\/\/isfd16-bue.infd.edu.ar\/sitio\/personal\/"},"modified":"2024-12-03T09:16:23","modified_gmt":"2024-12-03T12:16:23","slug":"personal","status":"publish","type":"page","link":"https:\/\/isfd16-bue.infd.edu.ar\/sitio\/personal\/","title":{"rendered":"EQUIPO INSTITUCIONAL"},"content":{"rendered":"<p style=\"text-align: left;\"><span style=\"font-size: 12pt;\"><span style=\"font-size: 12pt;\"><strong>Directora: <\/strong><\/span><\/span><span style=\"font-size: 12pt;\"><span style=\"font-size: 12pt;\"><strong>Prof. Natalia Medina<\/strong><\/span><em><span style=\"font-size: 12pt;\"><br \/>\n<\/span><\/em><\/span><\/p>\n<h2 style=\"text-align: left;\"><span style=\"font-size: 12pt;\"><strong><span style=\"font-size: 12pt;\">Regente: <\/span><\/strong><\/span><span style=\"font-size: 12pt;\"><strong><span style=\"font-size: 12pt;\">Prof. Milagros Malak<br \/>\n<\/span><\/strong><\/span><\/h2>\n<h2 style=\"text-align: left;\"><span style=\"font-size: 12pt;\"><span style=\"font-size: 12pt;\"><strong>Secretaria: <\/strong><\/span><\/span><span style=\"font-size: 12pt;\"><span style=\"font-size: 12pt;\">Prof. Adriana M. Starnari<\/span><\/span><\/h2>\n<p style=\"text-align: left;\"><span style=\"font-size: 12pt;\"><strong><span style=\"font-size: 12pt;\">Jefas de \u00c1rea: <\/span><\/strong><\/span><span style=\"font-size: 12pt;\"><strong><span style=\"font-size: 12pt;\">Prof. Andrea Gonz\u00e1lez (<\/span><\/strong><\/span><span style=\"font-size: 12pt;\"><strong>Prof. en Ed. Primaria);\u00a0<\/strong><\/span><strong>Prof. Camila Hansen (Prof. en Educaci\u00f3n F\u00edsica)<\/strong><\/p>\n<p style=\"text-align: left;\"><span style=\"font-size: 12pt;\"><span style=\"font-size: 12pt;\"><strong>Bibliotecaria\/o:\u00a0<\/strong><\/span><\/span><strong><span style=\"font-size: 12pt;\"><span style=\"font-size: 12pt;\">Silvia Vill\u00e1n; <\/span><\/span>Adri\u00e1n\u00a0<span style=\"font-size: 12pt;\"><span style=\"font-size: 12pt;\">Or\u00e1n<\/span><\/span><\/strong><\/p>\n<h2 style=\"text-align: left;\"><strong style=\"font-size: 12pt;\">Preceptores: J<\/strong><span style=\"font-size: 12pt;\"><span style=\"font-size: 12pt;\">uli\u00e1n Pippo; Carolina Canalis; <\/span><\/span><span style=\"font-size: 12pt;\"><span style=\"font-size: 12pt;\">G<\/span><span style=\"font-size: 12pt;\">eorgina Campagnucci<\/span><em><span style=\"font-size: 12pt;\"><br \/>\n<\/span><\/em><\/span><\/h2>\n<h2 style=\"text-align: left;\"><span style=\"font-size: 12pt;\"><span style=\"font-size: 12pt;\"><strong>Auxiliares: <\/strong><\/span><\/span><span style=\"font-size: 12pt;\"><span style=\"font-size: 12pt;\">Juan Barrales; Silvia Fabbi; <\/span><\/span><span style=\"font-size: 12pt;\"><span style=\"font-size: 12pt;\">M\u00f3nica Cesaretti; Carolina Diaz; <\/span><\/span><strong><span style=\"font-size: 12pt;\"><span style=\"font-size: 12pt;\">Marcela Soares Da Silva; Pablo Aguilera; <\/span><\/span><\/strong><span style=\"font-size: 16px;\"><b>Elizabeth L\u00f3pez<\/b><\/span><\/h2>\n","protected":false},"excerpt":{"rendered":"<p>Directora: Prof. Natalia Medina Regente: Prof. Milagros Malak Secretaria: Prof. Adriana M. Starnari Jefas de \u00c1rea: Prof. Andrea Gonz\u00e1lez (Prof. en Ed. Primaria);\u00a0Prof. Camila Hansen (Prof. en Educaci\u00f3n F\u00edsica) Bibliotecaria\/o:\u00a0Silvia Vill\u00e1n; Adri\u00e1n\u00a0Or\u00e1n Preceptores: Juli\u00e1n Pippo; Carolina Canalis; Georgina Campagnucci Auxiliares: Juan Barrales; Silvia Fabbi; M\u00f3nica Cesaretti; Carolina Diaz; Marcela Soares Da Silva; Pablo Aguilera; Elizabeth &#8230; <a title=\"EQUIPO INSTITUCIONAL\" class=\"read-more\" href=\"https:\/\/isfd16-bue.infd.edu.ar\/sitio\/personal\/\" aria-label=\"More on EQUIPO INSTITUCIONAL\">[+]<\/a><\/p>\n","protected":false},"author":917,"featured_media":0,"parent":0,"menu_order":0,"comment_status":"closed","ping_status":"closed","template":"","meta":[],"acf":[],"_links":{"self":[{"href":"https:\/\/isfd16-bue.infd.edu.ar\/sitio\/wp-json\/wp\/v2\/pages\/1034"}],"collection":[{"href":"https:\/\/isfd16-bue.infd.edu.ar\/sitio\/wp-json\/wp\/v2\/pages"}],"about":[{"href":"https:\/\/isfd16-bue.infd.edu.ar\/sitio\/wp-json\/wp\/v2\/types\/page"}],"author":[{"embeddable":true,"href":"https:\/\/isfd16-bue.infd.edu.ar\/sitio\/wp-json\/wp\/v2\/users\/917"}],"replies":[{"embeddable":true,"href":"https:\/\/isfd16-bue.infd.edu.ar\/sitio\/wp-json\/wp\/v2\/comments?post=1034"}],"version-history":[{"count":15,"href":"https:\/\/isfd16-bue.infd.edu.ar\/sitio\/wp-json\/wp\/v2\/pages\/1034\/revisions"}],"predecessor-version":[{"id":1798,"href":"https:\/\/isfd16-bue.infd.edu.ar\/sitio\/wp-json\/wp\/v2\/pages\/1034\/revisions\/1798"}],"wp:attachment":[{"href":"https:\/\/isfd16-bue.infd.edu.ar\/sitio\/wp-json\/wp\/v2\/media?parent=1034"}],"curies":[{"name":"wp","href":"https:\/\/api.w.org\/{rel}","templated":true}]}}